{"id":1137,"date":"2025-09-08T15:28:11","date_gmt":"2025-09-08T13:28:11","guid":{"rendered":"https:\/\/nadlavkou.penzionyjamai.cz\/?page_id=1137"},"modified":"2025-11-20T16:09:48","modified_gmt":"2025-11-20T15:09:48","slug":"darkovy-poukaz","status":"publish","type":"page","link":"https:\/\/nadlavkou.penzionyjamai.cz\/en\/darkovy-poukaz\/","title":{"rendered":"\ud83c\udf81 D\u00e1rkov\u00fd poukaz"},"content":{"rendered":"<!-- Reservation PLUS start -->\n<script type=\"text\/javascript\" src=\"https:\/\/booking.previo.app\/iframe\/\"><\/script>\n<iframe loading=\"lazy\" src=\"https:\/\/booking.previo.app\/?hotId=757749&#038;showTabs=coupon\"\nscrolling=\"no\" frameborder=\"0\" width=\"100%\" height=\"2000\" name=\"previo-booking-iframe\" id=\"previo-booking-iframe\" allowtransparency=\"true\"><\/iframe>\n<!-- Reservation PLUS end -->","protected":false},"excerpt":{"rendered":"","protected":false},"author":1,"featured_media":1141,"parent":0,"menu_order":0,"comment_status":"closed","ping_status":"closed","template":"","meta":{"inline_featured_image":false,"_uag_custom_page_level_css":"","footnotes":""},"class_list":["post-1137","page","type-page","status-publish","has-post-thumbnail","hentry"],"yoast_head":"<!-- This site is optimized with the Yoast SEO plugin v27.3 - https:\/\/yoast.com\/product\/yoast-seo-wordpress\/ -->\n<title>\ud83c\udf81 D\u00e1rkov\u00fd poukaz - Penzion Nad L\u00e1vkou<\/title>\n<meta name=\"robots\" content=\"index, follow, max-snippet:-1, max-image-preview:large, max-video-preview:-1\" \/>\n<link rel=\"canonical\" href=\"https:\/\/nadlavkou.penzionyjamai.cz\/en\/darkovy-poukaz\/\" \/>\n<meta property=\"og:locale\" content=\"en_GB\" \/>\n<meta property=\"og:type\" content=\"article\" \/>\n<meta property=\"og:title\" content=\"\ud83c\udf81 D\u00e1rkov\u00fd poukaz - Penzion Nad L\u00e1vkou\" \/>\n<meta property=\"og:url\" content=\"https:\/\/nadlavkou.penzionyjamai.cz\/en\/darkovy-poukaz\/\" \/>\n<meta property=\"og:site_name\" content=\"Penzion Nad L\u00e1vkou\" \/>\n<meta property=\"article:modified_time\" content=\"2025-11-20T15:09:48+00:00\" \/>\n<meta property=\"og:image\" content=\"https:\/\/nadlavkou.penzionyjamai.cz\/wp-content\/uploads\/2025\/09\/darkovy-poukaz-bg.jpg\" \/>\n\t<meta property=\"og:image:width\" content=\"1920\" \/>\n\t<meta property=\"og:image:height\" content=\"1280\" \/>\n\t<meta property=\"og:image:type\" content=\"image\/jpeg\" \/>\n<meta name=\"twitter:card\" content=\"summary_large_image\" \/>\n<meta name=\"twitter:label1\" content=\"Estimated reading time\" \/>\n\t<meta name=\"twitter:data1\" content=\"1 minute\" \/>\n<script type=\"application\/ld+json\" class=\"yoast-schema-graph\">{\"@context\":\"https:\\\/\\\/schema.org\",\"@graph\":[{\"@type\":\"WebPage\",\"@id\":\"https:\\\/\\\/nadlavkou.penzionyjamai.cz\\\/darkovy-poukaz\\\/\",\"url\":\"https:\\\/\\\/nadlavkou.penzionyjamai.cz\\\/darkovy-poukaz\\\/\",\"name\":\"\ud83c\udf81 D\u00e1rkov\u00fd poukaz - Penzion Nad L\u00e1vkou\",\"isPartOf\":{\"@id\":\"https:\\\/\\\/nadlavkou.penzionyjamai.cz\\\/#website\"},\"primaryImageOfPage\":{\"@id\":\"https:\\\/\\\/nadlavkou.penzionyjamai.cz\\\/darkovy-poukaz\\\/#primaryimage\"},\"image\":{\"@id\":\"https:\\\/\\\/nadlavkou.penzionyjamai.cz\\\/darkovy-poukaz\\\/#primaryimage\"},\"thumbnailUrl\":\"https:\\\/\\\/nadlavkou.penzionyjamai.cz\\\/wp-content\\\/uploads\\\/2025\\\/09\\\/darkovy-poukaz-bg.jpg\",\"datePublished\":\"2025-09-08T13:28:11+00:00\",\"dateModified\":\"2025-11-20T15:09:48+00:00\",\"breadcrumb\":{\"@id\":\"https:\\\/\\\/nadlavkou.penzionyjamai.cz\\\/darkovy-poukaz\\\/#breadcrumb\"},\"inLanguage\":\"en-GB\",\"potentialAction\":[{\"@type\":\"ReadAction\",\"target\":[\"https:\\\/\\\/nadlavkou.penzionyjamai.cz\\\/darkovy-poukaz\\\/\"]}]},{\"@type\":\"ImageObject\",\"inLanguage\":\"en-GB\",\"@id\":\"https:\\\/\\\/nadlavkou.penzionyjamai.cz\\\/darkovy-poukaz\\\/#primaryimage\",\"url\":\"https:\\\/\\\/nadlavkou.penzionyjamai.cz\\\/wp-content\\\/uploads\\\/2025\\\/09\\\/darkovy-poukaz-bg.jpg\",\"contentUrl\":\"https:\\\/\\\/nadlavkou.penzionyjamai.cz\\\/wp-content\\\/uploads\\\/2025\\\/09\\\/darkovy-poukaz-bg.jpg\",\"width\":1920,\"height\":1280},{\"@type\":\"BreadcrumbList\",\"@id\":\"https:\\\/\\\/nadlavkou.penzionyjamai.cz\\\/darkovy-poukaz\\\/#breadcrumb\",\"itemListElement\":[{\"@type\":\"ListItem\",\"position\":1,\"name\":\"Dom\u016f\",\"item\":\"https:\\\/\\\/nadlavkou.penzionyjamai.cz\\\/\"},{\"@type\":\"ListItem\",\"position\":2,\"name\":\"\ud83c\udf81 D\u00e1rkov\u00fd poukaz\"}]},{\"@type\":\"WebSite\",\"@id\":\"https:\\\/\\\/nadlavkou.penzionyjamai.cz\\\/#website\",\"url\":\"https:\\\/\\\/nadlavkou.penzionyjamai.cz\\\/\",\"name\":\"Penzion Nad L\u00e1vkou\",\"description\":\"\",\"publisher\":{\"@id\":\"https:\\\/\\\/nadlavkou.penzionyjamai.cz\\\/#organization\"},\"potentialAction\":[{\"@type\":\"SearchAction\",\"target\":{\"@type\":\"EntryPoint\",\"urlTemplate\":\"https:\\\/\\\/nadlavkou.penzionyjamai.cz\\\/?s={search_term_string}\"},\"query-input\":{\"@type\":\"PropertyValueSpecification\",\"valueRequired\":true,\"valueName\":\"search_term_string\"}}],\"inLanguage\":\"en-GB\"},{\"@type\":\"Organization\",\"@id\":\"https:\\\/\\\/nadlavkou.penzionyjamai.cz\\\/#organization\",\"name\":\"Penzion Nad L\u00e1vkou\",\"url\":\"https:\\\/\\\/nadlavkou.penzionyjamai.cz\\\/\",\"logo\":{\"@type\":\"ImageObject\",\"inLanguage\":\"en-GB\",\"@id\":\"https:\\\/\\\/nadlavkou.penzionyjamai.cz\\\/#\\\/schema\\\/logo\\\/image\\\/\",\"url\":\"https:\\\/\\\/nadlavkou.penzionyjamai.cz\\\/wp-content\\\/uploads\\\/2025\\\/10\\\/penziony_nad_lavkou_logo_nad_sebou.svg\",\"contentUrl\":\"https:\\\/\\\/nadlavkou.penzionyjamai.cz\\\/wp-content\\\/uploads\\\/2025\\\/10\\\/penziony_nad_lavkou_logo_nad_sebou.svg\",\"width\":\"1024\",\"height\":\"1024\",\"caption\":\"Penzion Nad L\u00e1vkou\"},\"image\":{\"@id\":\"https:\\\/\\\/nadlavkou.penzionyjamai.cz\\\/#\\\/schema\\\/logo\\\/image\\\/\"}}]}<\/script>\n<!-- \/ Yoast SEO plugin. -->","yoast_head_json":{"title":"\ud83c\udf81 D\u00e1rkov\u00fd poukaz - Penzion Nad L\u00e1vkou","robots":{"index":"index","follow":"follow","max-snippet":"max-snippet:-1","max-image-preview":"max-image-preview:large","max-video-preview":"max-video-preview:-1"},"canonical":"https:\/\/nadlavkou.penzionyjamai.cz\/en\/darkovy-poukaz\/","og_locale":"en_GB","og_type":"article","og_title":"\ud83c\udf81 D\u00e1rkov\u00fd poukaz - Penzion Nad L\u00e1vkou","og_url":"https:\/\/nadlavkou.penzionyjamai.cz\/en\/darkovy-poukaz\/","og_site_name":"Penzion Nad L\u00e1vkou","article_modified_time":"2025-11-20T15:09:48+00:00","og_image":[{"width":1920,"height":1280,"url":"https:\/\/nadlavkou.penzionyjamai.cz\/wp-content\/uploads\/2025\/09\/darkovy-poukaz-bg.jpg","type":"image\/jpeg"}],"twitter_card":"summary_large_image","twitter_misc":{"Estimated reading time":"1 minute"},"schema":{"@context":"https:\/\/schema.org","@graph":[{"@type":"WebPage","@id":"https:\/\/nadlavkou.penzionyjamai.cz\/darkovy-poukaz\/","url":"https:\/\/nadlavkou.penzionyjamai.cz\/darkovy-poukaz\/","name":"\ud83c\udf81 D\u00e1rkov\u00fd poukaz - Penzion Nad L\u00e1vkou","isPartOf":{"@id":"https:\/\/nadlavkou.penzionyjamai.cz\/#website"},"primaryImageOfPage":{"@id":"https:\/\/nadlavkou.penzionyjamai.cz\/darkovy-poukaz\/#primaryimage"},"image":{"@id":"https:\/\/nadlavkou.penzionyjamai.cz\/darkovy-poukaz\/#primaryimage"},"thumbnailUrl":"https:\/\/nadlavkou.penzionyjamai.cz\/wp-content\/uploads\/2025\/09\/darkovy-poukaz-bg.jpg","datePublished":"2025-09-08T13:28:11+00:00","dateModified":"2025-11-20T15:09:48+00:00","breadcrumb":{"@id":"https:\/\/nadlavkou.penzionyjamai.cz\/darkovy-poukaz\/#breadcrumb"},"inLanguage":"en-GB","potentialAction":[{"@type":"ReadAction","target":["https:\/\/nadlavkou.penzionyjamai.cz\/darkovy-poukaz\/"]}]},{"@type":"ImageObject","inLanguage":"en-GB","@id":"https:\/\/nadlavkou.penzionyjamai.cz\/darkovy-poukaz\/#primaryimage","url":"https:\/\/nadlavkou.penzionyjamai.cz\/wp-content\/uploads\/2025\/09\/darkovy-poukaz-bg.jpg","contentUrl":"https:\/\/nadlavkou.penzionyjamai.cz\/wp-content\/uploads\/2025\/09\/darkovy-poukaz-bg.jpg","width":1920,"height":1280},{"@type":"BreadcrumbList","@id":"https:\/\/nadlavkou.penzionyjamai.cz\/darkovy-poukaz\/#breadcrumb","itemListElement":[{"@type":"ListItem","position":1,"name":"Dom\u016f","item":"https:\/\/nadlavkou.penzionyjamai.cz\/"},{"@type":"ListItem","position":2,"name":"\ud83c\udf81 D\u00e1rkov\u00fd poukaz"}]},{"@type":"WebSite","@id":"https:\/\/nadlavkou.penzionyjamai.cz\/#website","url":"https:\/\/nadlavkou.penzionyjamai.cz\/","name":"Penzion Nad L\u00e1vkou","description":"","publisher":{"@id":"https:\/\/nadlavkou.penzionyjamai.cz\/#organization"},"potentialAction":[{"@type":"SearchAction","target":{"@type":"EntryPoint","urlTemplate":"https:\/\/nadlavkou.penzionyjamai.cz\/?s={search_term_string}"},"query-input":{"@type":"PropertyValueSpecification","valueRequired":true,"valueName":"search_term_string"}}],"inLanguage":"en-GB"},{"@type":"Organization","@id":"https:\/\/nadlavkou.penzionyjamai.cz\/#organization","name":"Penzion Nad L\u00e1vkou","url":"https:\/\/nadlavkou.penzionyjamai.cz\/","logo":{"@type":"ImageObject","inLanguage":"en-GB","@id":"https:\/\/nadlavkou.penzionyjamai.cz\/#\/schema\/logo\/image\/","url":"https:\/\/nadlavkou.penzionyjamai.cz\/wp-content\/uploads\/2025\/10\/penziony_nad_lavkou_logo_nad_sebou.svg","contentUrl":"https:\/\/nadlavkou.penzionyjamai.cz\/wp-content\/uploads\/2025\/10\/penziony_nad_lavkou_logo_nad_sebou.svg","width":"1024","height":"1024","caption":"Penzion Nad L\u00e1vkou"},"image":{"@id":"https:\/\/nadlavkou.penzionyjamai.cz\/#\/schema\/logo\/image\/"}}]}},"uagb_featured_image_src":{"full":["https:\/\/nadlavkou.penzionyjamai.cz\/wp-content\/uploads\/2025\/09\/darkovy-poukaz-bg.jpg",1920,1280,false],"thumbnail":["https:\/\/nadlavkou.penzionyjamai.cz\/wp-content\/uploads\/2025\/09\/darkovy-poukaz-bg-150x150.jpg",150,150,true],"medium":["https:\/\/nadlavkou.penzionyjamai.cz\/wp-content\/uploads\/2025\/09\/darkovy-poukaz-bg-300x200.jpg",300,200,true],"medium_large":["https:\/\/nadlavkou.penzionyjamai.cz\/wp-content\/uploads\/2025\/09\/darkovy-poukaz-bg-768x512.jpg",768,512,true],"large":["https:\/\/nadlavkou.penzionyjamai.cz\/wp-content\/uploads\/2025\/09\/darkovy-poukaz-bg-1024x683.jpg",1024,683,true],"1536x1536":["https:\/\/nadlavkou.penzionyjamai.cz\/wp-content\/uploads\/2025\/09\/darkovy-poukaz-bg-1536x1024.jpg",1536,1024,true],"2048x2048":["https:\/\/nadlavkou.penzionyjamai.cz\/wp-content\/uploads\/2025\/09\/darkovy-poukaz-bg.jpg",1920,1280,false],"trp-custom-language-flag":["https:\/\/nadlavkou.penzionyjamai.cz\/wp-content\/uploads\/2025\/09\/darkovy-poukaz-bg-18x12.jpg",18,12,true]},"uagb_author_info":{"display_name":"admin","author_link":"https:\/\/nadlavkou.penzionyjamai.cz\/en\/author\/admin\/"},"uagb_comment_info":0,"uagb_excerpt":null,"_links":{"self":[{"href":"https:\/\/nadlavkou.penzionyjamai.cz\/en\/wp-json\/wp\/v2\/pages\/1137","targetHints":{"allow":["GET"]}}],"collection":[{"href":"https:\/\/nadlavkou.penzionyjamai.cz\/en\/wp-json\/wp\/v2\/pages"}],"about":[{"href":"https:\/\/nadlavkou.penzionyjamai.cz\/en\/wp-json\/wp\/v2\/types\/page"}],"author":[{"embeddable":true,"href":"https:\/\/nadlavkou.penzionyjamai.cz\/en\/wp-json\/wp\/v2\/users\/1"}],"replies":[{"embeddable":true,"href":"https:\/\/nadlavkou.penzionyjamai.cz\/en\/wp-json\/wp\/v2\/comments?post=1137"}],"version-history":[{"count":3,"href":"https:\/\/nadlavkou.penzionyjamai.cz\/en\/wp-json\/wp\/v2\/pages\/1137\/revisions"}],"predecessor-version":[{"id":1152,"href":"https:\/\/nadlavkou.penzionyjamai.cz\/en\/wp-json\/wp\/v2\/pages\/1137\/revisions\/1152"}],"wp:featuredmedia":[{"embeddable":true,"href":"https:\/\/nadlavkou.penzionyjamai.cz\/en\/wp-json\/wp\/v2\/media\/1141"}],"wp:attachment":[{"href":"https:\/\/nadlavkou.penzionyjamai.cz\/en\/wp-json\/wp\/v2\/media?parent=1137"}],"curies":[{"name":"wp","href":"https:\/\/api.w.org\/{rel}","templated":true}]}}