{"id":120,"date":"2021-02-13T09:07:00","date_gmt":"2021-02-13T08:07:00","guid":{"rendered":"https:\/\/nadlavkou.penzionyjamai.cz\/?page_id=120"},"modified":"2025-10-21T12:52:59","modified_gmt":"2025-10-21T10:52:59","slug":"o-penzionu","status":"publish","type":"page","link":"https:\/\/nadlavkou.penzionyjamai.cz\/en\/","title":{"rendered":"About the guesthouse"},"content":{"rendered":"<div data-aos= \"fade-up\" data-aos-duration=\"400\" data-aos-delay=\"0\" data-aos-easing=\"ease\" data-aos-once=\"true\" class=\"wp-block-uagb-container uagb-block-ba9bfe6a alignfull uagb-is-root-container\"><div class=\"uagb-container-inner-blocks-wrap\">\n<p class=\"has-text-align-center\">Penzion Nad L\u00e1vkou is located in the centre of Uhersk\u00fd Brod, just a few metres from the train station, which is considered one of the most beautiful in the Czech Republic. After an extensive renovation of the historic building, which was completed in 2022, the guesthouse is part of a complex that includes the spacious caf\u00e9 JAMAI CAFE and the modern Bistro L\u00e1vka.<\/p>\n\n\n\n<p class=\"has-text-align-center\">The operation of the guesthouse falls under the company JAMAI CAFE s.r.o., which is situated in Uhersk\u00fd Brod. The company sells freshly roasted coffee, which it imports in its raw state from all over the world and then roasts. The main activity of the company is the sale of coffee beans to offices and companies. The coffee is also available in four Jamai caf\u00e9s in the Zl\u00edn region and on the e-shop. Since the company's headquarters and its caf\u00e9s are located in the Slov\u00e1cko region, a region known for its traditions, folklore, dulcimer, slivovitz and premium wine, the company tries to support local traditions and tourism development.<\/p>\n\n\n\n<p class=\"has-text-align-center\">The guesthouse is a suitable place to accommodate couples, business travellers, as well as holiday tourists. Within a few minutes walking distance you can reach the main square, the Jan Amos Komensk\u00fd Museum, the House of Culture, the cinema or the Delf\u00edn Aquapark.<\/p>\n\n\n\n<p class=\"has-text-align-center\">If you are looking for other experiences, there are hiking trails, cycling paths, beautiful nature, Slovak traditions, good wine and slivovitz in the surroundings!<\/p>\n<\/div><\/div>\n\n\n\n<div data-aos= \"fade-up\" data-aos-duration=\"400\" data-aos-delay=\"0\" data-aos-easing=\"ease\" data-aos-once=\"true\" class=\"wp-block-uagb-container uagb-block-151d499b alignfull uagb-is-root-container\"><div class=\"uagb-container-inner-blocks-wrap\">\n<hr class=\"wp-block-separator has-css-opacity is-style-dots\"\/>\n<\/div><\/div>\n\n\n\n<div data-aos= \"fade-up\" data-aos-duration=\"400\" data-aos-delay=\"0\" data-aos-easing=\"ease\" data-aos-once=\"true\" class=\"wp-block-uagb-container uagb-block-232f2389 alignfull uagb-is-root-container\"><div class=\"uagb-container-inner-blocks-wrap\">\n<h2 class=\"wp-block-heading has-text-align-center\">History<\/h2>\n\n\n\n<p class=\"has-text-align-center\">The site of the guesthouse was once the site of the town walls and in 1900 a now historic house was built here. In that year it served as the family home of the then mayor of the town, Ign\u00e1c Seichert. Although he came from western Bohemia and was a pharmacist by profession, he was also involved in politics and in 1897 became mayor of the town, in whose development he contributed greatly. He implemented, for example, the proposal to establish a town museum, initiated the reconstruction of the school in the upper square and the establishment of the town savings bank. At the end of his life he returned to western Bohemia.<\/p>\n\n\n\n<p class=\"has-text-align-center\">As time passed, the house began to deteriorate and disappear before the eyes of the citizens. In 2020 the building began to be renovated, the original form of the house was preserved by the new owner.<\/p>\n<\/div><\/div>\n\n\n\n<div data-aos= \"fade-up\" data-aos-duration=\"400\" data-aos-delay=\"0\" data-aos-easing=\"ease\" data-aos-once=\"true\" class=\"wp-block-uagb-container uagb-block-13f2a8d0 alignfull uagb-is-root-container\">\n<div class=\"wp-block-penzionyjamai-blocks-square square-container\"><a href=\"https:\/\/nadlavkou.penzionyjamai.cz\/en\/ubytovani\/\"><div class=\"square\" style=\"background-image:url(https:\/\/nadlavkou.penzionyjamai.cz\/wp-content\/uploads\/2021\/01\/fotogalerie_36.jpg)\"><div class=\"overlay\"><div class=\"square-text\">Accommodation<\/div><\/div><\/div><\/a><\/div>\n\n\n\n<div class=\"wp-block-penzionyjamai-blocks-square square-container\"><a href=\"https:\/\/nadlavkou.penzionyjamai.cz\/en\/kavarna\/\"><div class=\"square\" style=\"background-image:url(https:\/\/nadlavkou.penzionyjamai.cz\/wp-content\/uploads\/2021\/01\/fotogalerie_02.jpg)\"><div class=\"overlay\"><div class=\"square-text\">Caf\u00e9<\/div><\/div><\/div><\/a><\/div>\n\n\n\n<div class=\"wp-block-penzionyjamai-blocks-square square-container\"><a href=\"https:\/\/nadlavkou.penzionyjamai.cz\/en\/kam-na-vylet\/\"><div class=\"square\" style=\"background-image:url(https:\/\/nadlavkou.penzionyjamai.cz\/wp-content\/uploads\/2021\/05\/kam_na_vylet.jpg)\"><div class=\"overlay\"><div class=\"square-text\">Trip tips<\/div><\/div><\/div><\/a><\/div>\n\n\n\n<div class=\"wp-block-penzionyjamai-blocks-square square-container\"><a href=\"https:\/\/nadlavkou.penzionyjamai.cz\/en\/fotogalerie\/\"><div class=\"square\" style=\"background-image:url(https:\/\/nadlavkou.penzionyjamai.cz\/wp-content\/uploads\/2021\/01\/fotogalerie_42.jpg)\"><div class=\"overlay\"><div class=\"square-text\">Photo gallery<\/div><\/div><\/div><\/a><\/div>\n\n\n\n<div class=\"wp-block-penzionyjamai-blocks-square square-container\"><a href=\"https:\/\/nadlavkou.penzionyjamai.cz\/en\/rezervace\/\"><div class=\"square\" style=\"background-image:url(https:\/\/nadlavkou.penzionyjamai.cz\/wp-content\/uploads\/2021\/01\/rezervace.jpg)\"><div class=\"overlay\"><div class=\"square-text\">Reservation<\/div><\/div><\/div><\/a><\/div>\n\n\n\n<div class=\"wp-block-penzionyjamai-blocks-square square-container\"><a href=\"https:\/\/nadlavkou.penzionyjamai.cz\/en\/kontakty\/\"><div class=\"square\" style=\"background-image:url(https:\/\/nadlavkou.penzionyjamai.cz\/wp-content\/uploads\/2021\/05\/kontakt.jpg)\"><div class=\"overlay\"><div class=\"square-text\">Contact<\/div><\/div><\/div><\/a><\/div>\n<\/div>\n\n\n\n<div data-aos= \"fade-up\" data-aos-duration=\"400\" data-aos-delay=\"0\" data-aos-easing=\"ease\" data-aos-once=\"true\" class=\"wp-block-uagb-container uagb-block-6aab6bfb alignfull uagb-is-root-container\">\n<script src=\"https:\/\/polyfill.io\/v3\/polyfill.min.js?features=default\"><\/script>\n    <script>\n        \/\/ The following example creates complex markers to indicate beaches near\n        \/\/ Sydney, NSW, Australia. Note that the anchor is set to (0,32) to correspond\n        \/\/ to the base of the flagpole.\n        function initMap() {\n            const map = new google.maps.Map(document.getElementById(\"map\"), {\n                zoom: 13,\n                center: {\n                    lat: 49.02275847729975,\n                    lng: 17.644449699080113\n                }\n            });\n            setMarkers(map);\n        }\n        \/\/ Data for the markers consisting of a name, a LatLng and a zIndex for the\n        \/\/ order in which these markers should display on top of each other.\n\n        function setMarkers(map) {\n            \/\/ Adds markers to the map.\n            \/\/ Marker sizes are expressed as a Size of X,Y where the origin of the image\n            \/\/ (0,0) is located in the top left of the image.\n            \/\/ Origins, anchor positions and coordinates of the marker increase in the X\n            \/\/ direction to the right and in the Y direction down.\n            const image1 = {\n                url: \"\/wp-content\/themes\/penzionyjamai\/img\/logo_penzion_nad_lavkou_map.png\",\n                \/\/ This marker is 20 pixels wide by 32 pixels high.\n                size: new google.maps.Size(110, 65),\n                \/\/ The origin for this image is (0, 0).\n                origin: new google.maps.Point(0, 0),\n                \/\/ The anchor for this image is the base of the flagpole at (0, 32).\n                anchor: new google.maps.Point(110, 0),\n            };\n\n            new google.maps.Marker({\n                position: {\n                    lat: 49.02275847729975,\n                    lng: 17.644449699080113\n                },\n                map,\n                icon: image1,\n                title: \"Penzion Nad L\u00e1vkou\",\n                zIndex: 2\n            });\n\n        }\n    <\/script>\n\n    <div id=\"map\"><\/div>\n    <script src=\"https:\/\/maps.googleapis.com\/maps\/api\/js?key=AIzaSyAyrcgbfxcVV98dy4HbMdovqk_p13PMHpE&#038;callback=initMap&#038;libraries=&#038;v=weekly\" async><\/script>\n<\/div>\n\n\n\n<div class=\"wp-block-uagb-container uagb-block-683c89ba alignfull uagb-is-root-container\"><div class=\"uagb-container-inner-blocks-wrap\">\n<div data-aos= \"fade-up\" data-aos-duration=\"400\" data-aos-delay=\"0\" data-aos-easing=\"ease\" data-aos-once=\"true\" class=\"wp-block-uagb-container uagb-block-c4509c4d alignfull uagb-is-root-container\"><div class=\"uagb-container-inner-blocks-wrap\">\n<h2 class=\"wp-block-heading has-text-align-center has-text-color has-link-color wp-elements-a4f4705393955a79a2ab2e2cdc69295e\" style=\"color:#a6191e\">Partners<\/h2>\n\n\n\n<div class=\"wp-block-uagb-container uagb-layout-grid uagb-block-375303b0\"><div class=\"wp-block-image\">\n<figure class=\"aligncenter size-large is-resized\"><a href=\"https:\/\/aratec.cz\" target=\"_blank\" rel=\"noreferrer noopener\"><img loading=\"lazy\" decoding=\"async\" width=\"83\" height=\"31\" src=\"https:\/\/nadlavkou.penzionyjamai.cz\/wp-content\/uploads\/2024\/12\/logo-aratec.svg\" alt=\"\" class=\"wp-image-1072\" style=\"width:180px\"\/><\/a><\/figure>\n<\/div>\n\n<div class=\"wp-block-image\">\n<figure class=\"aligncenter size-large is-resized\"><a href=\"https:\/\/jamai.cafe\/\" target=\"_blank\" rel=\"noreferrer noopener\"><img loading=\"lazy\" decoding=\"async\" width=\"62\" height=\"31\" src=\"https:\/\/nadlavkou.penzionyjamai.cz\/wp-content\/uploads\/2024\/12\/logo-jamai-cafe.svg\" alt=\"\" class=\"wp-image-1073\" style=\"width:180px\"\/><\/a><\/figure>\n<\/div>\n\n<div class=\"wp-block-image\">\n<figure class=\"aligncenter size-large is-resized\"><a href=\"https:\/\/penzionyjamai.cz\" target=\"_blank\" rel=\"noreferrer noopener\"><img loading=\"lazy\" decoding=\"async\" width=\"62\" height=\"25\" src=\"https:\/\/nadlavkou.penzionyjamai.cz\/wp-content\/uploads\/2024\/12\/logo-jamai-penziony.svg\" alt=\"\" class=\"wp-image-1074\" style=\"width:180px\"\/><\/a><\/figure>\n<\/div><\/div>\n<\/div><\/div>\n<\/div><\/div>\n\n\n\n<p><\/p>","protected":false},"excerpt":{"rendered":"<p>Penzion Nad L\u00e1vkou se nach\u00e1z\u00ed v centru Uhersk\u00e9ho Brodu, jen p\u00e1r metr\u016f od vlakov\u00e9ho n\u00e1dra\u017e\u00ed, kter\u00e9 je pova\u017eov\u00e1no za jedno z&nbsp;nejkr\u00e1sn\u011bj\u0161\u00edch v \u010cesku. Po rozs\u00e1hl\u00e9 rekonstrukci historick\u00e9 budovy, kter\u00e1 byla dokon\u010dena roku 2022, je penzion sou\u010d\u00e1st\u00ed komplexu, ve kter\u00e9m se nach\u00e1z\u00ed i prostorn\u00e1 kav\u00e1rna JAMAI CAFE a modern\u00ed Bistro L\u00e1vka. Provoz penzionu a kav\u00e1rny spad\u00e1 [&hellip;]<\/p>\n","protected":false},"author":1,"featured_media":801,"parent":0,"menu_order":0,"comment_status":"closed","ping_status":"closed","template":"","meta":{"inline_featured_image":false,"_uag_custom_page_level_css":"","footnotes":""},"class_list":["post-120","page","type-page","status-publish","has-post-thumbnail","hentry"],"yoast_head":"<!-- This site is optimized with the Yoast SEO plugin v27.3 - https:\/\/yoast.com\/product\/yoast-seo-wordpress\/ -->\n<title>Penzion Nad L\u00e1vkou \u2013 k\u00e1vov\u00fd penzion v srdci Uhersk\u00e9ho Brodu<\/title>\n<meta name=\"description\" content=\"Uhersk\u00fd Brod \u2013 Penzion Nad L\u00e1vkou. Komfortn\u00ed ubytov\u00e1n\u00ed v srdci m\u011bsta, propojen\u00e9 s poctivou k\u00e1vou Jamai a atmosf\u00e9rou slov\u00e1ck\u00e9ho regionu.\" \/>\n<meta name=\"robots\" content=\"index, follow, max-snippet:-1, max-image-preview:large, max-video-preview:-1\" \/>\n<link rel=\"canonical\" href=\"https:\/\/nadlavkou.penzionyjamai.cz\/en\/\" \/>\n<meta property=\"og:locale\" content=\"en_GB\" \/>\n<meta property=\"og:type\" content=\"article\" \/>\n<meta property=\"og:title\" content=\"Penzion Nad L\u00e1vkou \u2013 k\u00e1vov\u00fd penzion v srdci Uhersk\u00e9ho Brodu\" \/>\n<meta property=\"og:description\" content=\"Uhersk\u00fd Brod \u2013 Penzion Nad L\u00e1vkou. Komfortn\u00ed ubytov\u00e1n\u00ed v srdci m\u011bsta, propojen\u00e9 s poctivou k\u00e1vou Jamai a atmosf\u00e9rou slov\u00e1ck\u00e9ho regionu.\" \/>\n<meta property=\"og:url\" content=\"https:\/\/nadlavkou.penzionyjamai.cz\/en\/\" \/>\n<meta property=\"og:site_name\" content=\"Penzion Nad L\u00e1vkou\" \/>\n<meta property=\"article:modified_time\" content=\"2025-10-21T10:52:59+00:00\" \/>\n<meta property=\"og:image\" content=\"https:\/\/nadlavkou.penzionyjamai.cz\/wp-content\/uploads\/2022\/04\/Pattern_Lavka_web-2.png\" \/>\n\t<meta property=\"og:image:width\" content=\"380\" \/>\n\t<meta property=\"og:image:height\" content=\"190\" \/>\n\t<meta property=\"og:image:type\" content=\"image\/png\" \/>\n<meta name=\"twitter:card\" content=\"summary_large_image\" \/>\n<meta name=\"twitter:label1\" content=\"Estimated reading time\" \/>\n\t<meta name=\"twitter:data1\" content=\"3 minutes\" \/>\n<script type=\"application\/ld+json\" class=\"yoast-schema-graph\">{\"@context\":\"https:\\\/\\\/schema.org\",\"@graph\":[{\"@type\":\"WebPage\",\"@id\":\"https:\\\/\\\/nadlavkou.penzionyjamai.cz\\\/\",\"url\":\"https:\\\/\\\/nadlavkou.penzionyjamai.cz\\\/\",\"name\":\"Penzion Nad L\u00e1vkou \u2013 k\u00e1vov\u00fd penzion v srdci Uhersk\u00e9ho Brodu\",\"isPartOf\":{\"@id\":\"https:\\\/\\\/nadlavkou.penzionyjamai.cz\\\/#website\"},\"primaryImageOfPage\":{\"@id\":\"https:\\\/\\\/nadlavkou.penzionyjamai.cz\\\/#primaryimage\"},\"image\":{\"@id\":\"https:\\\/\\\/nadlavkou.penzionyjamai.cz\\\/#primaryimage\"},\"thumbnailUrl\":\"https:\\\/\\\/nadlavkou.penzionyjamai.cz\\\/wp-content\\\/uploads\\\/2022\\\/04\\\/Pattern_Lavka_web-2.png\",\"datePublished\":\"2021-02-13T08:07:00+00:00\",\"dateModified\":\"2025-10-21T10:52:59+00:00\",\"description\":\"Uhersk\u00fd Brod \u2013 Penzion Nad L\u00e1vkou. Komfortn\u00ed ubytov\u00e1n\u00ed v srdci m\u011bsta, propojen\u00e9 s poctivou k\u00e1vou Jamai a atmosf\u00e9rou slov\u00e1ck\u00e9ho regionu.\",\"breadcrumb\":{\"@id\":\"https:\\\/\\\/nadlavkou.penzionyjamai.cz\\\/#breadcrumb\"},\"inLanguage\":\"en-GB\",\"potentialAction\":[{\"@type\":\"ReadAction\",\"target\":[\"https:\\\/\\\/nadlavkou.penzionyjamai.cz\\\/\"]}]},{\"@type\":\"ImageObject\",\"inLanguage\":\"en-GB\",\"@id\":\"https:\\\/\\\/nadlavkou.penzionyjamai.cz\\\/#primaryimage\",\"url\":\"https:\\\/\\\/nadlavkou.penzionyjamai.cz\\\/wp-content\\\/uploads\\\/2022\\\/04\\\/Pattern_Lavka_web-2.png\",\"contentUrl\":\"https:\\\/\\\/nadlavkou.penzionyjamai.cz\\\/wp-content\\\/uploads\\\/2022\\\/04\\\/Pattern_Lavka_web-2.png\",\"width\":380,\"height\":190},{\"@type\":\"BreadcrumbList\",\"@id\":\"https:\\\/\\\/nadlavkou.penzionyjamai.cz\\\/#breadcrumb\",\"itemListElement\":[{\"@type\":\"ListItem\",\"position\":1,\"name\":\"Dom\u016f\",\"item\":\"https:\\\/\\\/nadlavkou.penzionyjamai.cz\\\/\"},{\"@type\":\"ListItem\",\"position\":2,\"name\":\"O penzionu\"}]},{\"@type\":\"WebSite\",\"@id\":\"https:\\\/\\\/nadlavkou.penzionyjamai.cz\\\/#website\",\"url\":\"https:\\\/\\\/nadlavkou.penzionyjamai.cz\\\/\",\"name\":\"Penzion Nad L\u00e1vkou\",\"description\":\"\",\"publisher\":{\"@id\":\"https:\\\/\\\/nadlavkou.penzionyjamai.cz\\\/#organization\"},\"potentialAction\":[{\"@type\":\"SearchAction\",\"target\":{\"@type\":\"EntryPoint\",\"urlTemplate\":\"https:\\\/\\\/nadlavkou.penzionyjamai.cz\\\/?s={search_term_string}\"},\"query-input\":{\"@type\":\"PropertyValueSpecification\",\"valueRequired\":true,\"valueName\":\"search_term_string\"}}],\"inLanguage\":\"en-GB\"},{\"@type\":\"Organization\",\"@id\":\"https:\\\/\\\/nadlavkou.penzionyjamai.cz\\\/#organization\",\"name\":\"Penzion Nad L\u00e1vkou\",\"url\":\"https:\\\/\\\/nadlavkou.penzionyjamai.cz\\\/\",\"logo\":{\"@type\":\"ImageObject\",\"inLanguage\":\"en-GB\",\"@id\":\"https:\\\/\\\/nadlavkou.penzionyjamai.cz\\\/#\\\/schema\\\/logo\\\/image\\\/\",\"url\":\"https:\\\/\\\/nadlavkou.penzionyjamai.cz\\\/wp-content\\\/uploads\\\/2025\\\/10\\\/penziony_nad_lavkou_logo_nad_sebou.svg\",\"contentUrl\":\"https:\\\/\\\/nadlavkou.penzionyjamai.cz\\\/wp-content\\\/uploads\\\/2025\\\/10\\\/penziony_nad_lavkou_logo_nad_sebou.svg\",\"width\":\"1024\",\"height\":\"1024\",\"caption\":\"Penzion Nad L\u00e1vkou\"},\"image\":{\"@id\":\"https:\\\/\\\/nadlavkou.penzionyjamai.cz\\\/#\\\/schema\\\/logo\\\/image\\\/\"}}]}<\/script>\n<!-- \/ Yoast SEO plugin. -->","yoast_head_json":{"title":"Penzion Nad L\u00e1vkou \u2013 k\u00e1vov\u00fd penzion v srdci Uhersk\u00e9ho Brodu","description":"Uhersk\u00fd Brod \u2013 Penzion Nad L\u00e1vkou. Komfortn\u00ed ubytov\u00e1n\u00ed v srdci m\u011bsta, propojen\u00e9 s poctivou k\u00e1vou Jamai a atmosf\u00e9rou slov\u00e1ck\u00e9ho regionu.","robots":{"index":"index","follow":"follow","max-snippet":"max-snippet:-1","max-image-preview":"max-image-preview:large","max-video-preview":"max-video-preview:-1"},"canonical":"https:\/\/nadlavkou.penzionyjamai.cz\/en\/","og_locale":"en_GB","og_type":"article","og_title":"Penzion Nad L\u00e1vkou \u2013 k\u00e1vov\u00fd penzion v srdci Uhersk\u00e9ho Brodu","og_description":"Uhersk\u00fd Brod \u2013 Penzion Nad L\u00e1vkou. Komfortn\u00ed ubytov\u00e1n\u00ed v srdci m\u011bsta, propojen\u00e9 s poctivou k\u00e1vou Jamai a atmosf\u00e9rou slov\u00e1ck\u00e9ho regionu.","og_url":"https:\/\/nadlavkou.penzionyjamai.cz\/en\/","og_site_name":"Penzion Nad L\u00e1vkou","article_modified_time":"2025-10-21T10:52:59+00:00","og_image":[{"width":380,"height":190,"url":"https:\/\/nadlavkou.penzionyjamai.cz\/wp-content\/uploads\/2022\/04\/Pattern_Lavka_web-2.png","type":"image\/png"}],"twitter_card":"summary_large_image","twitter_misc":{"Estimated reading time":"3 minutes"},"schema":{"@context":"https:\/\/schema.org","@graph":[{"@type":"WebPage","@id":"https:\/\/nadlavkou.penzionyjamai.cz\/","url":"https:\/\/nadlavkou.penzionyjamai.cz\/","name":"Penzion Nad L\u00e1vkou \u2013 k\u00e1vov\u00fd penzion v srdci Uhersk\u00e9ho Brodu","isPartOf":{"@id":"https:\/\/nadlavkou.penzionyjamai.cz\/#website"},"primaryImageOfPage":{"@id":"https:\/\/nadlavkou.penzionyjamai.cz\/#primaryimage"},"image":{"@id":"https:\/\/nadlavkou.penzionyjamai.cz\/#primaryimage"},"thumbnailUrl":"https:\/\/nadlavkou.penzionyjamai.cz\/wp-content\/uploads\/2022\/04\/Pattern_Lavka_web-2.png","datePublished":"2021-02-13T08:07:00+00:00","dateModified":"2025-10-21T10:52:59+00:00","description":"Uhersk\u00fd Brod \u2013 Penzion Nad L\u00e1vkou. Komfortn\u00ed ubytov\u00e1n\u00ed v srdci m\u011bsta, propojen\u00e9 s poctivou k\u00e1vou Jamai a atmosf\u00e9rou slov\u00e1ck\u00e9ho regionu.","breadcrumb":{"@id":"https:\/\/nadlavkou.penzionyjamai.cz\/#breadcrumb"},"inLanguage":"en-GB","potentialAction":[{"@type":"ReadAction","target":["https:\/\/nadlavkou.penzionyjamai.cz\/"]}]},{"@type":"ImageObject","inLanguage":"en-GB","@id":"https:\/\/nadlavkou.penzionyjamai.cz\/#primaryimage","url":"https:\/\/nadlavkou.penzionyjamai.cz\/wp-content\/uploads\/2022\/04\/Pattern_Lavka_web-2.png","contentUrl":"https:\/\/nadlavkou.penzionyjamai.cz\/wp-content\/uploads\/2022\/04\/Pattern_Lavka_web-2.png","width":380,"height":190},{"@type":"BreadcrumbList","@id":"https:\/\/nadlavkou.penzionyjamai.cz\/#breadcrumb","itemListElement":[{"@type":"ListItem","position":1,"name":"Dom\u016f","item":"https:\/\/nadlavkou.penzionyjamai.cz\/"},{"@type":"ListItem","position":2,"name":"O penzionu"}]},{"@type":"WebSite","@id":"https:\/\/nadlavkou.penzionyjamai.cz\/#website","url":"https:\/\/nadlavkou.penzionyjamai.cz\/","name":"Penzion Nad L\u00e1vkou","description":"","publisher":{"@id":"https:\/\/nadlavkou.penzionyjamai.cz\/#organization"},"potentialAction":[{"@type":"SearchAction","target":{"@type":"EntryPoint","urlTemplate":"https:\/\/nadlavkou.penzionyjamai.cz\/?s={search_term_string}"},"query-input":{"@type":"PropertyValueSpecification","valueRequired":true,"valueName":"search_term_string"}}],"inLanguage":"en-GB"},{"@type":"Organization","@id":"https:\/\/nadlavkou.penzionyjamai.cz\/#organization","name":"Penzion Nad L\u00e1vkou","url":"https:\/\/nadlavkou.penzionyjamai.cz\/","logo":{"@type":"ImageObject","inLanguage":"en-GB","@id":"https:\/\/nadlavkou.penzionyjamai.cz\/#\/schema\/logo\/image\/","url":"https:\/\/nadlavkou.penzionyjamai.cz\/wp-content\/uploads\/2025\/10\/penziony_nad_lavkou_logo_nad_sebou.svg","contentUrl":"https:\/\/nadlavkou.penzionyjamai.cz\/wp-content\/uploads\/2025\/10\/penziony_nad_lavkou_logo_nad_sebou.svg","width":"1024","height":"1024","caption":"Penzion Nad L\u00e1vkou"},"image":{"@id":"https:\/\/nadlavkou.penzionyjamai.cz\/#\/schema\/logo\/image\/"}}]}},"uagb_featured_image_src":{"full":["https:\/\/nadlavkou.penzionyjamai.cz\/wp-content\/uploads\/2022\/04\/Pattern_Lavka_web-2.png",380,190,false],"thumbnail":["https:\/\/nadlavkou.penzionyjamai.cz\/wp-content\/uploads\/2022\/04\/Pattern_Lavka_web-2-150x150.png",150,150,true],"medium":["https:\/\/nadlavkou.penzionyjamai.cz\/wp-content\/uploads\/2022\/04\/Pattern_Lavka_web-2-300x150.png",300,150,true],"medium_large":["https:\/\/nadlavkou.penzionyjamai.cz\/wp-content\/uploads\/2022\/04\/Pattern_Lavka_web-2.png",380,190,false],"large":["https:\/\/nadlavkou.penzionyjamai.cz\/wp-content\/uploads\/2022\/04\/Pattern_Lavka_web-2.png",380,190,false],"1536x1536":["https:\/\/nadlavkou.penzionyjamai.cz\/wp-content\/uploads\/2022\/04\/Pattern_Lavka_web-2.png",380,190,false],"2048x2048":["https:\/\/nadlavkou.penzionyjamai.cz\/wp-content\/uploads\/2022\/04\/Pattern_Lavka_web-2.png",380,190,false],"trp-custom-language-flag":["https:\/\/nadlavkou.penzionyjamai.cz\/wp-content\/uploads\/2022\/04\/Pattern_Lavka_web-2.png",18,9,false]},"uagb_author_info":{"display_name":"admin","author_link":"https:\/\/nadlavkou.penzionyjamai.cz\/en\/author\/admin\/"},"uagb_comment_info":0,"uagb_excerpt":"Penzion Nad L\u00e1vkou se nach\u00e1z\u00ed v centru Uhersk\u00e9ho Brodu, jen p\u00e1r metr\u016f od vlakov\u00e9ho n\u00e1dra\u017e\u00ed, kter\u00e9 je pova\u017eov\u00e1no za jedno z&nbsp;nejkr\u00e1sn\u011bj\u0161\u00edch v \u010cesku. Po rozs\u00e1hl\u00e9 rekonstrukci historick\u00e9 budovy, kter\u00e1 byla dokon\u010dena roku 2022, je penzion sou\u010d\u00e1st\u00ed komplexu, ve kter\u00e9m se nach\u00e1z\u00ed i prostorn\u00e1 kav\u00e1rna JAMAI CAFE a modern\u00ed Bistro L\u00e1vka. Provoz penzionu a kav\u00e1rny spad\u00e1&hellip;","_links":{"self":[{"href":"https:\/\/nadlavkou.penzionyjamai.cz\/en\/wp-json\/wp\/v2\/pages\/120","targetHints":{"allow":["GET"]}}],"collection":[{"href":"https:\/\/nadlavkou.penzionyjamai.cz\/en\/wp-json\/wp\/v2\/pages"}],"about":[{"href":"https:\/\/nadlavkou.penzionyjamai.cz\/en\/wp-json\/wp\/v2\/types\/page"}],"author":[{"embeddable":true,"href":"https:\/\/nadlavkou.penzionyjamai.cz\/en\/wp-json\/wp\/v2\/users\/1"}],"replies":[{"embeddable":true,"href":"https:\/\/nadlavkou.penzionyjamai.cz\/en\/wp-json\/wp\/v2\/comments?post=120"}],"version-history":[{"count":32,"href":"https:\/\/nadlavkou.penzionyjamai.cz\/en\/wp-json\/wp\/v2\/pages\/120\/revisions"}],"predecessor-version":[{"id":1075,"href":"https:\/\/nadlavkou.penzionyjamai.cz\/en\/wp-json\/wp\/v2\/pages\/120\/revisions\/1075"}],"wp:featuredmedia":[{"embeddable":true,"href":"https:\/\/nadlavkou.penzionyjamai.cz\/en\/wp-json\/wp\/v2\/media\/801"}],"wp:attachment":[{"href":"https:\/\/nadlavkou.penzionyjamai.cz\/en\/wp-json\/wp\/v2\/media?parent=120"}],"curies":[{"name":"wp","href":"https:\/\/api.w.org\/{rel}","templated":true}]}}