{"id":47,"date":"2021-01-05T13:04:16","date_gmt":"2021-01-05T12:04:16","guid":{"rendered":"http:\/\/dev.penzionyjamai.cz\/?page_id=47"},"modified":"2025-09-19T13:52:22","modified_gmt":"2025-09-19T11:52:22","slug":"ubytovani","status":"publish","type":"page","link":"https:\/\/nadlavkou.penzionyjamai.cz\/en\/ubytovani\/","title":{"rendered":"Accommodation"},"content":{"rendered":"<div data-aos= \"fade-up\" data-aos-duration=\"400\" data-aos-delay=\"0\" data-aos-easing=\"ease\" data-aos-once=\"true\" class=\"wp-block-uagb-container uagb-block-840cd3ad alignfull uagb-is-root-container\"><div class=\"uagb-container-inner-blocks-wrap\">\n<p class=\"has-text-align-center\">You can stay in one of the ten rooms or in an apartment. We have tried to link the concept of the guesthouse with our company, so each room bears a name and is designed in the style of the individual country from which the coffee beans come. Each stay can be unique for you, as the rooms also differ in the colours and accessories chosen. For example, who wouldn't want to enjoy a stay in Brazil with a taste of real Brazilian coffee? You can also take home freshly roasted coffee beans from that country as a gift. Free Wi-Fi is available throughout the guest house.<\/p>\n<\/div><\/div>\n\n\n\n<div data-aos= \"fade-up\" data-aos-duration=\"400\" data-aos-delay=\"0\" data-aos-easing=\"ease\" data-aos-once=\"true\" class=\"wp-block-uagb-container uagb-block-d25bd385 alignfull uagb-is-root-container\"><div class=\"uagb-container-inner-blocks-wrap\">\n<h2 class=\"wp-block-heading has-text-align-center has-text-color has-link-color wp-elements-ea1ffe8c9170825479c60ce37d088098\" id=\"uhersky-brod\" style=\"color:#a6191e\">How the accommodation works<\/h2>\n\n\n\n<p class=\"has-text-align-center has-white-color has-text-color has-background has-link-color wp-elements-bfa1a914edce1e166a1bab3c0c47b304\" style=\"background-color:#b61616\">In our guesthouse, we use a self-service\/automated reception.<br><strong>Before arrival, it is necessary to complete the online check-in and fully pay for the stay.<\/strong><\/p>\n\n\n\n<p class=\"has-text-align-center\">After making a reservation, you will receive an e-mail with confirmation of your reservation and a voucher. <\/p>\n\n\n\n<p class=\"has-text-align-center\">7 and 2 days before starting accommodation, you will receive an e-mail from the Alfred application with a request for online check-in, please fill it out for all guests.<\/p>\n\n\n\n<p class=\"has-text-align-center\"><strong>After paying for your accommodation and completing the online check-in, you will receive an email and a text message on the day of arrival with a code that will take you to the guest house, the upstairs hallway and your room.<\/strong><\/p>\n\n\n\n<p class=\"has-text-align-center\">Check-in: from 14:00<br>Check-out: until 10:00<\/p>\n\n\n\n<p class=\"has-text-align-center has-white-color has-text-color has-background has-link-color wp-elements-48fed87399bf09ba5229a42a2c76f63a\" style=\"background-color:#b61616\">Without a completed online check-in, you will not receive a code to access the guesthouse.<\/p>\n<\/div><\/div>\n\n\n\n<div data-aos= \"fade-up\" data-aos-duration=\"400\" data-aos-delay=\"0\" data-aos-easing=\"ease\" data-aos-once=\"true\" class=\"wp-block-uagb-container uagb-block-e7c58618 alignfull uagb-is-root-container\"><div class=\"uagb-container-inner-blocks-wrap\">\n<h2 class=\"wp-block-heading has-text-align-center has-text-color has-link-color wp-elements-0980179a7078e01589efe747a5607153\" id=\"uhersky-brod\" style=\"color:#a6191e\">Breakfast<\/h2>\n\n\n\n<p class=\"has-text-align-center\">Breakfast is included in the price.<\/p>\n\n\n\n<p class=\"has-text-align-center translation-block\">Breakfast is served at Bistro L\u00e1vka. Upon arrival, please present your booking confirmation or voucher.<\/p>\n\n\n\n<p class=\"has-text-align-center\">Ve v\u0161edn\u00ed dny od <strong>7:00 do 10:30<\/strong>.<\/p>\n\n\n\n<p class=\"has-text-align-center\">V sobotu od <strong>8:00 do 10:30<\/strong>.<\/p>\n\n\n\n<p class=\"has-text-align-center\">V ned\u011bli od <strong>8:00 do 10:00<\/strong>.<\/p>\n<\/div><\/div>\n\n\n\n<div data-aos= \"fade-up\" data-aos-duration=\"400\" data-aos-delay=\"0\" data-aos-easing=\"ease\" data-aos-once=\"true\" class=\"wp-block-uagb-container uagb-block-91a6cec4 alignfull uagb-is-root-container\"><div class=\"uagb-container-inner-blocks-wrap\">\n<h2 class=\"wp-block-heading has-text-align-center has-text-color has-link-color wp-elements-a113aa13c7400f6cefa576211e43c5b5\" id=\"uhersky-brod\" style=\"color:#a6191e\">Half board<\/h2>\n\n\n\n<p class=\"has-text-align-center\">In addition to breakfast, you can also choose half board when booking.<\/p>\n\n\n\n<p class=\"has-text-align-center translation-block\">Dinner is served at Restaurant Panoptikum (about a 5-minute walk across the footbridge).<\/p>\n\n\n\n<p class=\"has-text-align-center translation-block\">Upon arrival, please present your voucher with half board.<\/p>\n\n\n\n<p class=\"has-text-align-center\">Hodnota polopenze je <strong>300 K\u010d \/ osoba<\/strong> a zahrnuje j\u00eddlo i pit\u00ed.<\/p>\n\n\n\n<p class=\"has-text-align-center\">If your bill exceeds this amount, you can pay the difference directly at the restaurant.<\/p>\n\n\n\n<p class=\"has-text-align-center translation-block\">Dinner is available every day from 5:00 PM.<\/p>\n\n\n\n<p class=\"has-text-align-center\">The voucher value is non-refundable.<\/p>\n\n\n\n<p class=\"has-text-align-center translation-block\">More information about the restaurant and its menu can be found on the <a href=\"https:\/\/burgersteak.cz\/\" target=\"_self\">Panoptikum Restaurant<\/a>.<\/p>\n<\/div><\/div>\n\n\n\n<div data-aos= \"fade-up\" data-aos-duration=\"400\" data-aos-delay=\"0\" data-aos-easing=\"ease\" data-aos-once=\"true\" class=\"wp-block-uagb-container uagb-block-92cdaa65 alignfull uagb-is-root-container\"><div class=\"uagb-container-inner-blocks-wrap\">\n<h2 class=\"wp-block-heading has-text-align-center has-text-color has-link-color wp-elements-7ac38a455e643936aef2456d0f60dd39\" id=\"uhersky-brod\" style=\"color:#a6191e\">Parking<\/h2>\n\n\n\n<p class=\"has-text-align-center\">You can park your vehicles in the area of OC L\u00e1vka (5 minutes from the guesthouse), which is located on the other side of the footbridge. If you want to have your vehicle closer, you can park it in the public parking lot directly in front of the building, where there is a fee of 10 CZK\/hour between 8 am and 5 pm on weekdays, on weekends and holidays there is free parking.<\/p>\n<\/div><\/div>","protected":false},"excerpt":{"rendered":"<p>M\u016f\u017eete se ubytovat v jednom ze sedmi pokoj\u016f. Koncept penzionu jsme se sna\u017eili propojit s na\u0161\u00ed firmou, proto ka\u017ed\u00fd pokoj nese n\u00e1zev a je designov\u00e1n ve stylu jednotliv\u00e9 zem\u011b, ze kter\u00e9 poch\u00e1z\u00ed zrnka k\u00e1vy. Ka\u017ed\u00fd pobyt pro V\u00e1s m\u016f\u017ee b\u00fdt jedine\u010dn\u00fd, jeliko\u017e se m\u00edstnosti li\u0161\u00ed taky ve vybran\u00fdch barv\u00e1ch a dopl\u0148c\u00edch. Kdo by si nap\u0159\u00edklad [&hellip;]<\/p>\n","protected":false},"author":1,"featured_media":899,"parent":0,"menu_order":0,"comment_status":"closed","ping_status":"closed","template":"","meta":{"inline_featured_image":false,"_uag_custom_page_level_css":"","footnotes":""},"class_list":["post-47","page","type-page","status-publish","has-post-thumbnail","hentry"],"yoast_head":"<!-- This site is optimized with the Yoast SEO plugin v27.3 - https:\/\/yoast.com\/product\/yoast-seo-wordpress\/ -->\n<title>Ubytov\u00e1n\u00ed - Penzion Nad L\u00e1vkou<\/title>\n<meta name=\"robots\" content=\"index, follow, max-snippet:-1, max-image-preview:large, max-video-preview:-1\" \/>\n<link rel=\"canonical\" href=\"https:\/\/nadlavkou.penzionyjamai.cz\/en\/ubytovani\/\" \/>\n<meta property=\"og:locale\" content=\"en_GB\" \/>\n<meta property=\"og:type\" content=\"article\" \/>\n<meta property=\"og:title\" content=\"Ubytov\u00e1n\u00ed - Penzion Nad L\u00e1vkou\" \/>\n<meta property=\"og:description\" content=\"M\u016f\u017eete se ubytovat v jednom ze sedmi pokoj\u016f. Koncept penzionu jsme se sna\u017eili propojit s na\u0161\u00ed firmou, proto ka\u017ed\u00fd pokoj nese n\u00e1zev a je designov\u00e1n ve stylu jednotliv\u00e9 zem\u011b, ze kter\u00e9 poch\u00e1z\u00ed zrnka k\u00e1vy. Ka\u017ed\u00fd pobyt pro V\u00e1s m\u016f\u017ee b\u00fdt jedine\u010dn\u00fd, jeliko\u017e se m\u00edstnosti li\u0161\u00ed taky ve vybran\u00fdch barv\u00e1ch a dopl\u0148c\u00edch. Kdo by si nap\u0159\u00edklad [&hellip;]\" \/>\n<meta property=\"og:url\" content=\"https:\/\/nadlavkou.penzionyjamai.cz\/en\/ubytovani\/\" \/>\n<meta property=\"og:site_name\" content=\"Penzion Nad L\u00e1vkou\" \/>\n<meta property=\"article:modified_time\" content=\"2025-09-19T11:52:22+00:00\" \/>\n<meta property=\"og:image\" content=\"https:\/\/nadlavkou.penzionyjamai.cz\/wp-content\/uploads\/2021\/01\/fotogalerie_36.jpg\" \/>\n\t<meta property=\"og:image:width\" content=\"1920\" \/>\n\t<meta property=\"og:image:height\" content=\"1440\" \/>\n\t<meta property=\"og:image:type\" content=\"image\/jpeg\" \/>\n<meta name=\"twitter:card\" content=\"summary_large_image\" \/>\n<meta name=\"twitter:label1\" content=\"Estimated reading time\" \/>\n\t<meta name=\"twitter:data1\" content=\"2 minutes\" \/>\n<script type=\"application\/ld+json\" class=\"yoast-schema-graph\">{\"@context\":\"https:\\\/\\\/schema.org\",\"@graph\":[{\"@type\":\"WebPage\",\"@id\":\"https:\\\/\\\/nadlavkou.penzionyjamai.cz\\\/ubytovani\\\/\",\"url\":\"https:\\\/\\\/nadlavkou.penzionyjamai.cz\\\/ubytovani\\\/\",\"name\":\"Ubytov\u00e1n\u00ed - Penzion Nad L\u00e1vkou\",\"isPartOf\":{\"@id\":\"https:\\\/\\\/nadlavkou.penzionyjamai.cz\\\/#website\"},\"primaryImageOfPage\":{\"@id\":\"https:\\\/\\\/nadlavkou.penzionyjamai.cz\\\/ubytovani\\\/#primaryimage\"},\"image\":{\"@id\":\"https:\\\/\\\/nadlavkou.penzionyjamai.cz\\\/ubytovani\\\/#primaryimage\"},\"thumbnailUrl\":\"https:\\\/\\\/nadlavkou.penzionyjamai.cz\\\/wp-content\\\/uploads\\\/2021\\\/01\\\/fotogalerie_36.jpg\",\"datePublished\":\"2021-01-05T12:04:16+00:00\",\"dateModified\":\"2025-09-19T11:52:22+00:00\",\"breadcrumb\":{\"@id\":\"https:\\\/\\\/nadlavkou.penzionyjamai.cz\\\/ubytovani\\\/#breadcrumb\"},\"inLanguage\":\"en-GB\",\"potentialAction\":[{\"@type\":\"ReadAction\",\"target\":[\"https:\\\/\\\/nadlavkou.penzionyjamai.cz\\\/ubytovani\\\/\"]}]},{\"@type\":\"ImageObject\",\"inLanguage\":\"en-GB\",\"@id\":\"https:\\\/\\\/nadlavkou.penzionyjamai.cz\\\/ubytovani\\\/#primaryimage\",\"url\":\"https:\\\/\\\/nadlavkou.penzionyjamai.cz\\\/wp-content\\\/uploads\\\/2021\\\/01\\\/fotogalerie_36.jpg\",\"contentUrl\":\"https:\\\/\\\/nadlavkou.penzionyjamai.cz\\\/wp-content\\\/uploads\\\/2021\\\/01\\\/fotogalerie_36.jpg\",\"width\":1920,\"height\":1440},{\"@type\":\"BreadcrumbList\",\"@id\":\"https:\\\/\\\/nadlavkou.penzionyjamai.cz\\\/ubytovani\\\/#breadcrumb\",\"itemListElement\":[{\"@type\":\"ListItem\",\"position\":1,\"name\":\"Dom\u016f\",\"item\":\"https:\\\/\\\/nadlavkou.penzionyjamai.cz\\\/\"},{\"@type\":\"ListItem\",\"position\":2,\"name\":\"Ubytov\u00e1n\u00ed\"}]},{\"@type\":\"WebSite\",\"@id\":\"https:\\\/\\\/nadlavkou.penzionyjamai.cz\\\/#website\",\"url\":\"https:\\\/\\\/nadlavkou.penzionyjamai.cz\\\/\",\"name\":\"Penzion Nad L\u00e1vkou\",\"description\":\"\",\"publisher\":{\"@id\":\"https:\\\/\\\/nadlavkou.penzionyjamai.cz\\\/#organization\"},\"potentialAction\":[{\"@type\":\"SearchAction\",\"target\":{\"@type\":\"EntryPoint\",\"urlTemplate\":\"https:\\\/\\\/nadlavkou.penzionyjamai.cz\\\/?s={search_term_string}\"},\"query-input\":{\"@type\":\"PropertyValueSpecification\",\"valueRequired\":true,\"valueName\":\"search_term_string\"}}],\"inLanguage\":\"en-GB\"},{\"@type\":\"Organization\",\"@id\":\"https:\\\/\\\/nadlavkou.penzionyjamai.cz\\\/#organization\",\"name\":\"Penzion Nad L\u00e1vkou\",\"url\":\"https:\\\/\\\/nadlavkou.penzionyjamai.cz\\\/\",\"logo\":{\"@type\":\"ImageObject\",\"inLanguage\":\"en-GB\",\"@id\":\"https:\\\/\\\/nadlavkou.penzionyjamai.cz\\\/#\\\/schema\\\/logo\\\/image\\\/\",\"url\":\"https:\\\/\\\/nadlavkou.penzionyjamai.cz\\\/wp-content\\\/uploads\\\/2025\\\/10\\\/penziony_nad_lavkou_logo_nad_sebou.svg\",\"contentUrl\":\"https:\\\/\\\/nadlavkou.penzionyjamai.cz\\\/wp-content\\\/uploads\\\/2025\\\/10\\\/penziony_nad_lavkou_logo_nad_sebou.svg\",\"width\":\"1024\",\"height\":\"1024\",\"caption\":\"Penzion Nad L\u00e1vkou\"},\"image\":{\"@id\":\"https:\\\/\\\/nadlavkou.penzionyjamai.cz\\\/#\\\/schema\\\/logo\\\/image\\\/\"}}]}<\/script>\n<!-- \/ Yoast SEO plugin. -->","yoast_head_json":{"title":"Ubytov\u00e1n\u00ed - Penzion Nad L\u00e1vkou","robots":{"index":"index","follow":"follow","max-snippet":"max-snippet:-1","max-image-preview":"max-image-preview:large","max-video-preview":"max-video-preview:-1"},"canonical":"https:\/\/nadlavkou.penzionyjamai.cz\/en\/ubytovani\/","og_locale":"en_GB","og_type":"article","og_title":"Ubytov\u00e1n\u00ed - Penzion Nad L\u00e1vkou","og_description":"M\u016f\u017eete se ubytovat v jednom ze sedmi pokoj\u016f. Koncept penzionu jsme se sna\u017eili propojit s na\u0161\u00ed firmou, proto ka\u017ed\u00fd pokoj nese n\u00e1zev a je designov\u00e1n ve stylu jednotliv\u00e9 zem\u011b, ze kter\u00e9 poch\u00e1z\u00ed zrnka k\u00e1vy. Ka\u017ed\u00fd pobyt pro V\u00e1s m\u016f\u017ee b\u00fdt jedine\u010dn\u00fd, jeliko\u017e se m\u00edstnosti li\u0161\u00ed taky ve vybran\u00fdch barv\u00e1ch a dopl\u0148c\u00edch. Kdo by si nap\u0159\u00edklad [&hellip;]","og_url":"https:\/\/nadlavkou.penzionyjamai.cz\/en\/ubytovani\/","og_site_name":"Penzion Nad L\u00e1vkou","article_modified_time":"2025-09-19T11:52:22+00:00","og_image":[{"width":1920,"height":1440,"url":"https:\/\/nadlavkou.penzionyjamai.cz\/wp-content\/uploads\/2021\/01\/fotogalerie_36.jpg","type":"image\/jpeg"}],"twitter_card":"summary_large_image","twitter_misc":{"Estimated reading time":"2 minutes"},"schema":{"@context":"https:\/\/schema.org","@graph":[{"@type":"WebPage","@id":"https:\/\/nadlavkou.penzionyjamai.cz\/ubytovani\/","url":"https:\/\/nadlavkou.penzionyjamai.cz\/ubytovani\/","name":"Ubytov\u00e1n\u00ed - Penzion Nad L\u00e1vkou","isPartOf":{"@id":"https:\/\/nadlavkou.penzionyjamai.cz\/#website"},"primaryImageOfPage":{"@id":"https:\/\/nadlavkou.penzionyjamai.cz\/ubytovani\/#primaryimage"},"image":{"@id":"https:\/\/nadlavkou.penzionyjamai.cz\/ubytovani\/#primaryimage"},"thumbnailUrl":"https:\/\/nadlavkou.penzionyjamai.cz\/wp-content\/uploads\/2021\/01\/fotogalerie_36.jpg","datePublished":"2021-01-05T12:04:16+00:00","dateModified":"2025-09-19T11:52:22+00:00","breadcrumb":{"@id":"https:\/\/nadlavkou.penzionyjamai.cz\/ubytovani\/#breadcrumb"},"inLanguage":"en-GB","potentialAction":[{"@type":"ReadAction","target":["https:\/\/nadlavkou.penzionyjamai.cz\/ubytovani\/"]}]},{"@type":"ImageObject","inLanguage":"en-GB","@id":"https:\/\/nadlavkou.penzionyjamai.cz\/ubytovani\/#primaryimage","url":"https:\/\/nadlavkou.penzionyjamai.cz\/wp-content\/uploads\/2021\/01\/fotogalerie_36.jpg","contentUrl":"https:\/\/nadlavkou.penzionyjamai.cz\/wp-content\/uploads\/2021\/01\/fotogalerie_36.jpg","width":1920,"height":1440},{"@type":"BreadcrumbList","@id":"https:\/\/nadlavkou.penzionyjamai.cz\/ubytovani\/#breadcrumb","itemListElement":[{"@type":"ListItem","position":1,"name":"Dom\u016f","item":"https:\/\/nadlavkou.penzionyjamai.cz\/"},{"@type":"ListItem","position":2,"name":"Ubytov\u00e1n\u00ed"}]},{"@type":"WebSite","@id":"https:\/\/nadlavkou.penzionyjamai.cz\/#website","url":"https:\/\/nadlavkou.penzionyjamai.cz\/","name":"Penzion Nad L\u00e1vkou","description":"","publisher":{"@id":"https:\/\/nadlavkou.penzionyjamai.cz\/#organization"},"potentialAction":[{"@type":"SearchAction","target":{"@type":"EntryPoint","urlTemplate":"https:\/\/nadlavkou.penzionyjamai.cz\/?s={search_term_string}"},"query-input":{"@type":"PropertyValueSpecification","valueRequired":true,"valueName":"search_term_string"}}],"inLanguage":"en-GB"},{"@type":"Organization","@id":"https:\/\/nadlavkou.penzionyjamai.cz\/#organization","name":"Penzion Nad L\u00e1vkou","url":"https:\/\/nadlavkou.penzionyjamai.cz\/","logo":{"@type":"ImageObject","inLanguage":"en-GB","@id":"https:\/\/nadlavkou.penzionyjamai.cz\/#\/schema\/logo\/image\/","url":"https:\/\/nadlavkou.penzionyjamai.cz\/wp-content\/uploads\/2025\/10\/penziony_nad_lavkou_logo_nad_sebou.svg","contentUrl":"https:\/\/nadlavkou.penzionyjamai.cz\/wp-content\/uploads\/2025\/10\/penziony_nad_lavkou_logo_nad_sebou.svg","width":"1024","height":"1024","caption":"Penzion Nad L\u00e1vkou"},"image":{"@id":"https:\/\/nadlavkou.penzionyjamai.cz\/#\/schema\/logo\/image\/"}}]}},"uagb_featured_image_src":{"full":["https:\/\/nadlavkou.penzionyjamai.cz\/wp-content\/uploads\/2021\/01\/fotogalerie_36.jpg",1920,1440,false],"thumbnail":["https:\/\/nadlavkou.penzionyjamai.cz\/wp-content\/uploads\/2021\/01\/fotogalerie_36-150x150.jpg",150,150,true],"medium":["https:\/\/nadlavkou.penzionyjamai.cz\/wp-content\/uploads\/2021\/01\/fotogalerie_36-300x225.jpg",300,225,true],"medium_large":["https:\/\/nadlavkou.penzionyjamai.cz\/wp-content\/uploads\/2021\/01\/fotogalerie_36-768x576.jpg",768,576,true],"large":["https:\/\/nadlavkou.penzionyjamai.cz\/wp-content\/uploads\/2021\/01\/fotogalerie_36-1024x768.jpg",1024,768,true],"1536x1536":["https:\/\/nadlavkou.penzionyjamai.cz\/wp-content\/uploads\/2021\/01\/fotogalerie_36-1536x1152.jpg",1536,1152,true],"2048x2048":["https:\/\/nadlavkou.penzionyjamai.cz\/wp-content\/uploads\/2021\/01\/fotogalerie_36.jpg",1920,1440,false],"trp-custom-language-flag":["https:\/\/nadlavkou.penzionyjamai.cz\/wp-content\/uploads\/2021\/01\/fotogalerie_36.jpg",16,12,false]},"uagb_author_info":{"display_name":"admin","author_link":"https:\/\/nadlavkou.penzionyjamai.cz\/en\/author\/admin\/"},"uagb_comment_info":0,"uagb_excerpt":"M\u016f\u017eete se ubytovat v jednom ze sedmi pokoj\u016f. Koncept penzionu jsme se sna\u017eili propojit s na\u0161\u00ed firmou, proto ka\u017ed\u00fd pokoj nese n\u00e1zev a je designov\u00e1n ve stylu jednotliv\u00e9 zem\u011b, ze kter\u00e9 poch\u00e1z\u00ed zrnka k\u00e1vy. Ka\u017ed\u00fd pobyt pro V\u00e1s m\u016f\u017ee b\u00fdt jedine\u010dn\u00fd, jeliko\u017e se m\u00edstnosti li\u0161\u00ed taky ve vybran\u00fdch barv\u00e1ch a dopl\u0148c\u00edch. Kdo by si nap\u0159\u00edklad&hellip;","_links":{"self":[{"href":"https:\/\/nadlavkou.penzionyjamai.cz\/en\/wp-json\/wp\/v2\/pages\/47","targetHints":{"allow":["GET"]}}],"collection":[{"href":"https:\/\/nadlavkou.penzionyjamai.cz\/en\/wp-json\/wp\/v2\/pages"}],"about":[{"href":"https:\/\/nadlavkou.penzionyjamai.cz\/en\/wp-json\/wp\/v2\/types\/page"}],"author":[{"embeddable":true,"href":"https:\/\/nadlavkou.penzionyjamai.cz\/en\/wp-json\/wp\/v2\/users\/1"}],"replies":[{"embeddable":true,"href":"https:\/\/nadlavkou.penzionyjamai.cz\/en\/wp-json\/wp\/v2\/comments?post=47"}],"version-history":[{"count":76,"href":"https:\/\/nadlavkou.penzionyjamai.cz\/en\/wp-json\/wp\/v2\/pages\/47\/revisions"}],"predecessor-version":[{"id":1146,"href":"https:\/\/nadlavkou.penzionyjamai.cz\/en\/wp-json\/wp\/v2\/pages\/47\/revisions\/1146"}],"wp:featuredmedia":[{"embeddable":true,"href":"https:\/\/nadlavkou.penzionyjamai.cz\/en\/wp-json\/wp\/v2\/media\/899"}],"wp:attachment":[{"href":"https:\/\/nadlavkou.penzionyjamai.cz\/en\/wp-json\/wp\/v2\/media?parent=47"}],"curies":[{"name":"wp","href":"https:\/\/api.w.org\/{rel}","templated":true}]}}