{"id":93,"date":"2021-01-13T12:59:24","date_gmt":"2021-01-13T11:59:24","guid":{"rendered":"https:\/\/nadlavkou.penzionyjamai.cz\/?page_id=93"},"modified":"2026-01-28T13:29:22","modified_gmt":"2026-01-28T12:29:22","slug":"kontakty","status":"publish","type":"page","link":"https:\/\/nadlavkou.penzionyjamai.cz\/en\/kontakty\/","title":{"rendered":"Contact"},"content":{"rendered":"<div class=\"wp-block-uagb-container uagb-block-5238f828 alignfull uagb-is-root-container\"><div class=\"uagb-container-inner-blocks-wrap\">\n<div data-aos= \"fade-up\" data-aos-duration=\"400\" data-aos-delay=\"0\" data-aos-easing=\"ease\" data-aos-once=\"true\" class=\"wp-block-uagb-container uagb-block-b6eefcfc\">\n<div class=\"wp-block-uagb-advanced-heading uagb-block-0357b0ba\"><h2 class=\"uagb-heading-text\">Penzion Nad L\u00e1vkou<\/h2><\/div>\n\n\n\n<p>Seichertova 496<br>688 01 Uhersk\u00fd Brod<br>Tel.:\u00a0<a href=\"tel:+420 724 462 734\">+420 724 462 734<\/a><br>(8:00 &#8211; 18:00 hod.)<br><br>E-mail:\u00a0<a href=\"mailto:penziony@jamai.cafe\">penziony@jamai.cafe<\/a><br>Website:\u00a0<a href=\"https:\/\/nadlavkou.penzionyjamai.cz\/en\/\">nadlavkou.penzionyjamai.cz<\/a><\/p>\n\n\n\n<div class=\"wp-block-uagb-advanced-heading uagb-block-9b2dd875\"><h2 class=\"uagb-heading-text\">Company headquarters<\/h2><\/div>\n\n\n\n<p><strong>JAMAI CAFE s.r.o.<\/strong><br>Vl\u010dnovsk\u00e1 2344<br>688 01 Uhersk\u00fd Brod<br>ID: 03570819<\/p>\n<\/div>\n\n\n\n<div data-aos= \"fade-up\" data-aos-duration=\"400\" data-aos-delay=\"0\" data-aos-easing=\"ease\" data-aos-once=\"true\" class=\"wp-block-uagb-container uagb-block-cbbc9a2c\">\n<div class=\"wp-block-uagb-advanced-heading uagb-block-c733673a\"><h2 class=\"uagb-heading-text\">How to reach us?<\/h2><\/div>\n\n\n\n<div data-aos= \"fade-up\" data-aos-duration=\"400\" data-aos-delay=\"0\" data-aos-easing=\"ease\" data-aos-once=\"true\" class=\"wp-block-uagb-container uagb-block-d25bd385 alignfull uagb-is-root-container\"><div class=\"uagb-container-inner-blocks-wrap\">\n<script src=\"https:\/\/polyfill.io\/v3\/polyfill.min.js?features=default\"><\/script>\n    <script>\n    \/\/ The following example creates complex markers to indicate beaches near\n    \/\/ Sydney, NSW, Australia. Note that the anchor is set to (0,32) to correspond\n    \/\/ to the base of the flagpole.\n    function initMap() {\n        const map = new google.maps.Map(document.getElementById(\"map\"), {\n            zoom: 13,\n            center: {lat: 49.02275847729975, lng: 17.644449699080113}\n        });\n        setMarkers(map);\n    }\n    \/\/ Data for the markers consisting of a name, a LatLng and a zIndex for the\n    \/\/ order in which these markers should display on top of each other.\n\n    function setMarkers(map) {\n        \/\/ Adds markers to the map.\n        \/\/ Marker sizes are expressed as a Size of X,Y where the origin of the image\n        \/\/ (0,0) is located in the top left of the image.\n        \/\/ Origins, anchor positions and coordinates of the marker increase in the X\n        \/\/ direction to the right and in the Y direction down.\n        const image1 = {\n            url:\n                    \"\/wp-content\/themes\/penzionyjamai\/img\/logo_penzion_nad_lavkou_map.png\",\n            \/\/ This marker is 20 pixels wide by 32 pixels high.\n            size: new google.maps.Size(110, 65),\n            \/\/ The origin for this image is (0, 0).\n            origin: new google.maps.Point(0, 0),\n            \/\/ The anchor for this image is the base of the flagpole at (0, 32).\n            anchor: new google.maps.Point(110, 0),\n        };\n\n        new google.maps.Marker({\n            position: {lat: 49.02275847729975, lng: 17.644449699080113},\n            map,\n            icon: image1,\n            title: \"Penzion Nad L\u00e1vkou\",\n            zIndex: 2\n        });\n\n    }\n    <\/script>\n\n    <div id=\"map\"><\/div>\n    <script\n        src=\"https:\/\/maps.googleapis.com\/maps\/api\/js?key=AIzaSyAyrcgbfxcVV98dy4HbMdovqk_p13PMHpE&#038;callback=initMap&#038;libraries=&#038;v=weekly\"\n        async\n    ><\/script>\n<\/div><\/div>\n<\/div>\n<\/div><\/div>","protected":false},"excerpt":{"rendered":"<p>Penzion Nad L\u00e1vkou Seichertova 496688 01 Uhersk\u00fd BrodTel.:\u00a0+420 724 462 734(8:00 &#8211; 18:00 hod.) E-mail:\u00a0penziony@jamai.cafeWeb:\u00a0nadlavkou.penzionyjamai.cz S\u00eddlo spole\u010dnosti JAMAI CAFE s.r.o.Vl\u010dnovsk\u00e1 2344688 01 Uhersk\u00fd BrodI\u010c: 03570819 Jak se k n\u00e1m dostanete?<\/p>","protected":false},"author":1,"featured_media":397,"parent":0,"menu_order":0,"comment_status":"closed","ping_status":"closed","template":"","meta":{"inline_featured_image":false,"_uag_custom_page_level_css":"","footnotes":""},"class_list":["post-93","page","type-page","status-publish","has-post-thumbnail","hentry"],"yoast_head":"<!-- This site is optimized with the Yoast SEO plugin v27.3 - https:\/\/yoast.com\/product\/yoast-seo-wordpress\/ -->\n<title>Kontakty - Penzion Nad L\u00e1vkou<\/title>\n<meta name=\"robots\" content=\"index, follow, max-snippet:-1, max-image-preview:large, max-video-preview:-1\" \/>\n<link rel=\"canonical\" href=\"https:\/\/nadlavkou.penzionyjamai.cz\/en\/kontakty\/\" \/>\n<meta property=\"og:locale\" content=\"en_GB\" \/>\n<meta property=\"og:type\" content=\"article\" \/>\n<meta property=\"og:title\" content=\"Kontakty - Penzion Nad L\u00e1vkou\" \/>\n<meta property=\"og:description\" content=\"Penzion Nad L\u00e1vkou Seichertova 496688 01 Uhersk\u00fd BrodTel.:\u00a0+420 724 462 734(8:00 &#8211; 18:00 hod.) E-mail:\u00a0penziony@jamai.cafeWeb:\u00a0nadlavkou.penzionyjamai.cz S\u00eddlo spole\u010dnosti JAMAI CAFE s.r.o.Vl\u010dnovsk\u00e1 2344688 01 Uhersk\u00fd BrodI\u010c: 03570819 Jak se k n\u00e1m dostanete?\" \/>\n<meta property=\"og:url\" content=\"https:\/\/nadlavkou.penzionyjamai.cz\/en\/kontakty\/\" \/>\n<meta property=\"og:site_name\" content=\"Penzion Nad L\u00e1vkou\" \/>\n<meta property=\"article:modified_time\" content=\"2026-01-28T12:29:22+00:00\" \/>\n<meta property=\"og:image\" content=\"https:\/\/nadlavkou.penzionyjamai.cz\/wp-content\/uploads\/2021\/05\/kontakt.jpg\" \/>\n\t<meta property=\"og:image:width\" content=\"1920\" \/>\n\t<meta property=\"og:image:height\" content=\"1357\" \/>\n\t<meta property=\"og:image:type\" content=\"image\/jpeg\" \/>\n<meta name=\"twitter:card\" content=\"summary_large_image\" \/>\n<meta name=\"twitter:label1\" content=\"Estimated reading time\" \/>\n\t<meta name=\"twitter:data1\" content=\"1 minute\" \/>\n<script type=\"application\/ld+json\" class=\"yoast-schema-graph\">{\"@context\":\"https:\\\/\\\/schema.org\",\"@graph\":[{\"@type\":\"WebPage\",\"@id\":\"https:\\\/\\\/nadlavkou.penzionyjamai.cz\\\/kontakty\\\/\",\"url\":\"https:\\\/\\\/nadlavkou.penzionyjamai.cz\\\/kontakty\\\/\",\"name\":\"Kontakty - Penzion Nad L\u00e1vkou\",\"isPartOf\":{\"@id\":\"https:\\\/\\\/nadlavkou.penzionyjamai.cz\\\/#website\"},\"primaryImageOfPage\":{\"@id\":\"https:\\\/\\\/nadlavkou.penzionyjamai.cz\\\/kontakty\\\/#primaryimage\"},\"image\":{\"@id\":\"https:\\\/\\\/nadlavkou.penzionyjamai.cz\\\/kontakty\\\/#primaryimage\"},\"thumbnailUrl\":\"https:\\\/\\\/nadlavkou.penzionyjamai.cz\\\/wp-content\\\/uploads\\\/2021\\\/05\\\/kontakt.jpg\",\"datePublished\":\"2021-01-13T11:59:24+00:00\",\"dateModified\":\"2026-01-28T12:29:22+00:00\",\"breadcrumb\":{\"@id\":\"https:\\\/\\\/nadlavkou.penzionyjamai.cz\\\/kontakty\\\/#breadcrumb\"},\"inLanguage\":\"en-GB\",\"potentialAction\":[{\"@type\":\"ReadAction\",\"target\":[\"https:\\\/\\\/nadlavkou.penzionyjamai.cz\\\/kontakty\\\/\"]}]},{\"@type\":\"ImageObject\",\"inLanguage\":\"en-GB\",\"@id\":\"https:\\\/\\\/nadlavkou.penzionyjamai.cz\\\/kontakty\\\/#primaryimage\",\"url\":\"https:\\\/\\\/nadlavkou.penzionyjamai.cz\\\/wp-content\\\/uploads\\\/2021\\\/05\\\/kontakt.jpg\",\"contentUrl\":\"https:\\\/\\\/nadlavkou.penzionyjamai.cz\\\/wp-content\\\/uploads\\\/2021\\\/05\\\/kontakt.jpg\",\"width\":1920,\"height\":1357},{\"@type\":\"BreadcrumbList\",\"@id\":\"https:\\\/\\\/nadlavkou.penzionyjamai.cz\\\/kontakty\\\/#breadcrumb\",\"itemListElement\":[{\"@type\":\"ListItem\",\"position\":1,\"name\":\"Dom\u016f\",\"item\":\"https:\\\/\\\/nadlavkou.penzionyjamai.cz\\\/\"},{\"@type\":\"ListItem\",\"position\":2,\"name\":\"Kontakty\"}]},{\"@type\":\"WebSite\",\"@id\":\"https:\\\/\\\/nadlavkou.penzionyjamai.cz\\\/#website\",\"url\":\"https:\\\/\\\/nadlavkou.penzionyjamai.cz\\\/\",\"name\":\"Penzion Nad L\u00e1vkou\",\"description\":\"\",\"publisher\":{\"@id\":\"https:\\\/\\\/nadlavkou.penzionyjamai.cz\\\/#organization\"},\"potentialAction\":[{\"@type\":\"SearchAction\",\"target\":{\"@type\":\"EntryPoint\",\"urlTemplate\":\"https:\\\/\\\/nadlavkou.penzionyjamai.cz\\\/?s={search_term_string}\"},\"query-input\":{\"@type\":\"PropertyValueSpecification\",\"valueRequired\":true,\"valueName\":\"search_term_string\"}}],\"inLanguage\":\"en-GB\"},{\"@type\":\"Organization\",\"@id\":\"https:\\\/\\\/nadlavkou.penzionyjamai.cz\\\/#organization\",\"name\":\"Penzion Nad L\u00e1vkou\",\"url\":\"https:\\\/\\\/nadlavkou.penzionyjamai.cz\\\/\",\"logo\":{\"@type\":\"ImageObject\",\"inLanguage\":\"en-GB\",\"@id\":\"https:\\\/\\\/nadlavkou.penzionyjamai.cz\\\/#\\\/schema\\\/logo\\\/image\\\/\",\"url\":\"https:\\\/\\\/nadlavkou.penzionyjamai.cz\\\/wp-content\\\/uploads\\\/2025\\\/10\\\/penziony_nad_lavkou_logo_nad_sebou.svg\",\"contentUrl\":\"https:\\\/\\\/nadlavkou.penzionyjamai.cz\\\/wp-content\\\/uploads\\\/2025\\\/10\\\/penziony_nad_lavkou_logo_nad_sebou.svg\",\"width\":\"1024\",\"height\":\"1024\",\"caption\":\"Penzion Nad L\u00e1vkou\"},\"image\":{\"@id\":\"https:\\\/\\\/nadlavkou.penzionyjamai.cz\\\/#\\\/schema\\\/logo\\\/image\\\/\"}}]}<\/script>\n<!-- \/ Yoast SEO plugin. -->","yoast_head_json":{"title":"Kontakty - Penzion Nad L\u00e1vkou","robots":{"index":"index","follow":"follow","max-snippet":"max-snippet:-1","max-image-preview":"max-image-preview:large","max-video-preview":"max-video-preview:-1"},"canonical":"https:\/\/nadlavkou.penzionyjamai.cz\/en\/kontakty\/","og_locale":"en_GB","og_type":"article","og_title":"Kontakty - Penzion Nad L\u00e1vkou","og_description":"Penzion Nad L\u00e1vkou Seichertova 496688 01 Uhersk\u00fd BrodTel.:\u00a0+420 724 462 734(8:00 &#8211; 18:00 hod.) E-mail:\u00a0penziony@jamai.cafeWeb:\u00a0nadlavkou.penzionyjamai.cz S\u00eddlo spole\u010dnosti JAMAI CAFE s.r.o.Vl\u010dnovsk\u00e1 2344688 01 Uhersk\u00fd BrodI\u010c: 03570819 Jak se k n\u00e1m dostanete?","og_url":"https:\/\/nadlavkou.penzionyjamai.cz\/en\/kontakty\/","og_site_name":"Penzion Nad L\u00e1vkou","article_modified_time":"2026-01-28T12:29:22+00:00","og_image":[{"width":1920,"height":1357,"url":"https:\/\/nadlavkou.penzionyjamai.cz\/wp-content\/uploads\/2021\/05\/kontakt.jpg","type":"image\/jpeg"}],"twitter_card":"summary_large_image","twitter_misc":{"Estimated reading time":"1 minute"},"schema":{"@context":"https:\/\/schema.org","@graph":[{"@type":"WebPage","@id":"https:\/\/nadlavkou.penzionyjamai.cz\/kontakty\/","url":"https:\/\/nadlavkou.penzionyjamai.cz\/kontakty\/","name":"Kontakty - Penzion Nad L\u00e1vkou","isPartOf":{"@id":"https:\/\/nadlavkou.penzionyjamai.cz\/#website"},"primaryImageOfPage":{"@id":"https:\/\/nadlavkou.penzionyjamai.cz\/kontakty\/#primaryimage"},"image":{"@id":"https:\/\/nadlavkou.penzionyjamai.cz\/kontakty\/#primaryimage"},"thumbnailUrl":"https:\/\/nadlavkou.penzionyjamai.cz\/wp-content\/uploads\/2021\/05\/kontakt.jpg","datePublished":"2021-01-13T11:59:24+00:00","dateModified":"2026-01-28T12:29:22+00:00","breadcrumb":{"@id":"https:\/\/nadlavkou.penzionyjamai.cz\/kontakty\/#breadcrumb"},"inLanguage":"en-GB","potentialAction":[{"@type":"ReadAction","target":["https:\/\/nadlavkou.penzionyjamai.cz\/kontakty\/"]}]},{"@type":"ImageObject","inLanguage":"en-GB","@id":"https:\/\/nadlavkou.penzionyjamai.cz\/kontakty\/#primaryimage","url":"https:\/\/nadlavkou.penzionyjamai.cz\/wp-content\/uploads\/2021\/05\/kontakt.jpg","contentUrl":"https:\/\/nadlavkou.penzionyjamai.cz\/wp-content\/uploads\/2021\/05\/kontakt.jpg","width":1920,"height":1357},{"@type":"BreadcrumbList","@id":"https:\/\/nadlavkou.penzionyjamai.cz\/kontakty\/#breadcrumb","itemListElement":[{"@type":"ListItem","position":1,"name":"Dom\u016f","item":"https:\/\/nadlavkou.penzionyjamai.cz\/"},{"@type":"ListItem","position":2,"name":"Kontakty"}]},{"@type":"WebSite","@id":"https:\/\/nadlavkou.penzionyjamai.cz\/#website","url":"https:\/\/nadlavkou.penzionyjamai.cz\/","name":"Penzion Nad L\u00e1vkou","description":"","publisher":{"@id":"https:\/\/nadlavkou.penzionyjamai.cz\/#organization"},"potentialAction":[{"@type":"SearchAction","target":{"@type":"EntryPoint","urlTemplate":"https:\/\/nadlavkou.penzionyjamai.cz\/?s={search_term_string}"},"query-input":{"@type":"PropertyValueSpecification","valueRequired":true,"valueName":"search_term_string"}}],"inLanguage":"en-GB"},{"@type":"Organization","@id":"https:\/\/nadlavkou.penzionyjamai.cz\/#organization","name":"Penzion Nad L\u00e1vkou","url":"https:\/\/nadlavkou.penzionyjamai.cz\/","logo":{"@type":"ImageObject","inLanguage":"en-GB","@id":"https:\/\/nadlavkou.penzionyjamai.cz\/#\/schema\/logo\/image\/","url":"https:\/\/nadlavkou.penzionyjamai.cz\/wp-content\/uploads\/2025\/10\/penziony_nad_lavkou_logo_nad_sebou.svg","contentUrl":"https:\/\/nadlavkou.penzionyjamai.cz\/wp-content\/uploads\/2025\/10\/penziony_nad_lavkou_logo_nad_sebou.svg","width":"1024","height":"1024","caption":"Penzion Nad L\u00e1vkou"},"image":{"@id":"https:\/\/nadlavkou.penzionyjamai.cz\/#\/schema\/logo\/image\/"}}]}},"uagb_featured_image_src":{"full":["https:\/\/nadlavkou.penzionyjamai.cz\/wp-content\/uploads\/2021\/05\/kontakt.jpg",1920,1357,false],"thumbnail":["https:\/\/nadlavkou.penzionyjamai.cz\/wp-content\/uploads\/2021\/05\/kontakt-150x150.jpg",150,150,true],"medium":["https:\/\/nadlavkou.penzionyjamai.cz\/wp-content\/uploads\/2021\/05\/kontakt-300x212.jpg",300,212,true],"medium_large":["https:\/\/nadlavkou.penzionyjamai.cz\/wp-content\/uploads\/2021\/05\/kontakt-768x543.jpg",768,543,true],"large":["https:\/\/nadlavkou.penzionyjamai.cz\/wp-content\/uploads\/2021\/05\/kontakt-1024x724.jpg",1024,724,true],"1536x1536":["https:\/\/nadlavkou.penzionyjamai.cz\/wp-content\/uploads\/2021\/05\/kontakt-1536x1086.jpg",1536,1086,true],"2048x2048":["https:\/\/nadlavkou.penzionyjamai.cz\/wp-content\/uploads\/2021\/05\/kontakt.jpg",1920,1357,false],"trp-custom-language-flag":["https:\/\/nadlavkou.penzionyjamai.cz\/wp-content\/uploads\/2021\/05\/kontakt.jpg",18,12,false]},"uagb_author_info":{"display_name":"admin","author_link":"https:\/\/nadlavkou.penzionyjamai.cz\/en\/author\/admin\/"},"uagb_comment_info":0,"uagb_excerpt":"Penzion Nad L\u00e1vkou Seichertova 496688 01 Uhersk\u00fd BrodTel.:\u00a0+420 724 462 734(8:00 &#8211; 18:00 hod.) E-mail:\u00a0penziony@jamai.cafeWeb:\u00a0nadlavkou.penzionyjamai.cz S\u00eddlo spole\u010dnosti JAMAI CAFE s.r.o.Vl\u010dnovsk\u00e1 2344688 01 Uhersk\u00fd BrodI\u010c: 03570819 Jak se k n\u00e1m dostanete?","_links":{"self":[{"href":"https:\/\/nadlavkou.penzionyjamai.cz\/en\/wp-json\/wp\/v2\/pages\/93","targetHints":{"allow":["GET"]}}],"collection":[{"href":"https:\/\/nadlavkou.penzionyjamai.cz\/en\/wp-json\/wp\/v2\/pages"}],"about":[{"href":"https:\/\/nadlavkou.penzionyjamai.cz\/en\/wp-json\/wp\/v2\/types\/page"}],"author":[{"embeddable":true,"href":"https:\/\/nadlavkou.penzionyjamai.cz\/en\/wp-json\/wp\/v2\/users\/1"}],"replies":[{"embeddable":true,"href":"https:\/\/nadlavkou.penzionyjamai.cz\/en\/wp-json\/wp\/v2\/comments?post=93"}],"version-history":[{"count":33,"href":"https:\/\/nadlavkou.penzionyjamai.cz\/en\/wp-json\/wp\/v2\/pages\/93\/revisions"}],"predecessor-version":[{"id":1157,"href":"https:\/\/nadlavkou.penzionyjamai.cz\/en\/wp-json\/wp\/v2\/pages\/93\/revisions\/1157"}],"wp:featuredmedia":[{"embeddable":true,"href":"https:\/\/nadlavkou.penzionyjamai.cz\/en\/wp-json\/wp\/v2\/media\/397"}],"wp:attachment":[{"href":"https:\/\/nadlavkou.penzionyjamai.cz\/en\/wp-json\/wp\/v2\/media?parent=93"}],"curies":[{"name":"wp","href":"https:\/\/api.w.org\/{rel}","templated":true}]}}